{"id":11,"date":"2025-11-30T13:40:53","date_gmt":"2025-11-30T18:40:53","guid":{"rendered":"https:\/\/piecesgames.com\/?page_id=11"},"modified":"2026-03-17T14:47:57","modified_gmt":"2026-03-17T18:47:57","slug":"home","status":"publish","type":"page","link":"https:\/\/piecesgames.com\/fr\/","title":{"rendered":"Accueuil"},"content":{"rendered":"<div class=\"wpb-content-wrapper\"><div class=\"vc_row wpb_row vc_row-fluid\"><div class=\"wpb_column vc_column_container vc_col-sm-12\"><div class=\"vc_column-inner\"><div class=\"wpb_wrapper\">\n\t<div  class=\"wpb_single_image wpb_content_element vc_align_center wpb_content_element wpb_animate_when_almost_visible wpb_fadeIn fadeIn  page-wrap-dino\">\n\t\t\n\t\t<figure class=\"wpb_wrapper vc_figure\">\n\t\t\t<div class=\"vc_single_image-wrapper vc_box_rounded  vc_box_border_grey\"><img loading=\"lazy\" decoding=\"async\" width=\"960\" height=\"500\" src=\"https:\/\/piecesgames.com\/wp-content\/uploads\/2026\/03\/Dinocop_web_banner.jpg\" class=\"vc_single_image-img attachment-full\" alt=\"\" title=\"Dinocop_web_banner\" srcset=\"https:\/\/piecesgames.com\/wp-content\/uploads\/2026\/03\/Dinocop_web_banner.jpg 960w, https:\/\/piecesgames.com\/wp-content\/uploads\/2026\/03\/Dinocop_web_banner-600x313.jpg 600w, https:\/\/piecesgames.com\/wp-content\/uploads\/2026\/03\/Dinocop_web_banner-300x156.jpg 300w, https:\/\/piecesgames.com\/wp-content\/uploads\/2026\/03\/Dinocop_web_banner-768x400.jpg 768w\" sizes=\"auto, (max-width: 960px) 100vw, 960px\" \/><\/div>\n\t\t<\/figure>\n\t<\/div>\n<\/div><\/div><\/div><\/div><div class=\"vc_row wpb_row vc_row-fluid purpleContainer\"><div class=\"wpb_column vc_column_container vc_col-sm-12\"><div class=\"vc_column-inner\"><div class=\"wpb_wrapper\"><div class=\"vc_empty_space\"   style=\"height: 20px\"><span class=\"vc_empty_space_inner\"><\/span><\/div>\n\t<div class=\"wpb_text_column wpb_content_element vc_custom_1772808933093 accent\" >\n\t\t<div class=\"wpb_wrapper\">\n\t\t\t<h3 style=\"text-align: center;\">Le jeu du Dinosaure D\u00e9tective<\/h3>\n\n\t\t<\/div>\n\t<\/div>\n\n\t<div class=\"wpb_text_column wpb_content_element vc_custom_1773162474026 accent\" >\n\t\t<div class=\"wpb_wrapper\">\n\t\t\t<h1 style=\"text-align: center;\">Disponible maintenant<\/h1>\n\n\t\t<\/div>\n\t<\/div>\n\n\t<div id=\"ConsoleButton\" class=\"wpb_single_image wpb_content_element vc_align_right wpb_content_element\">\n\t\t\n\t\t<figure class=\"wpb_wrapper vc_figure\">\n\t\t\t<a href=\"https:\/\/store.steampowered.com\/app\/3187010\/Dinocop\/\" target=\"_self\" class=\"vc_single_image-wrapper   vc_box_border_grey\"><img decoding=\"async\" class=\"vc_single_image-img\" src=\"https:\/\/piecesgames.com\/wp-content\/uploads\/2026\/03\/Steam_200-150x45.png\" width=\"150\" height=\"45\" alt=\"Steam_200\" title=\"Steam_200\" loading=\"lazy\" \/><\/a>\n\t\t<\/figure>\n\t<\/div>\n<div class=\"vc_empty_space\"   style=\"height: 60px\"><span class=\"vc_empty_space_inner\"><\/span><\/div><\/div><\/div><\/div><\/div><div class=\"vc_row wpb_row vc_row-fluid purpleContainer\"><div class=\"wpb_column vc_column_container vc_col-sm-2 vc_col-lg-3\"><div class=\"vc_column-inner\"><div class=\"wpb_wrapper\"><\/div><\/div><\/div><div class=\"wpb_column vc_column_container vc_col-sm-4 vc_col-lg-3 vc_col-md-4\"><div class=\"vc_column-inner\"><div class=\"wpb_wrapper\">\n\t<div class=\"wpb_video_widget wpb_content_element vc_clearfix  wpb_animate_when_almost_visible wpb_fadeIn fadeIn  vc_video-aspect-ratio-169 vc_video-el-width-100 vc_video-align-center\" >\n\t\t<div class=\"wpb_wrapper\">\n\t\t\t\n\t\t\t<div class=\"wpb_video_wrapper\"><iframe loading=\"lazy\" title=\"Dinocop - Official Release Date Trailer\" width=\"500\" height=\"281\" src=\"https:\/\/www.youtube.com\/embed\/N_CPsnZzZZg?feature=oembed\" frameborder=\"0\" allow=\"accelerometer; autoplay; clipboard-write; encrypted-media; gyroscope; picture-in-picture; web-share\" referrerpolicy=\"strict-origin-when-cross-origin\" allowfullscreen><\/iframe><\/div>\n\t\t<\/div>\n\t<\/div>\n<div class=\"vc_empty_space\"   style=\"height: 110px\"><span class=\"vc_empty_space_inner\"><\/span><\/div><\/div><\/div><\/div><div class=\"bgImageTopLeft wpb_column vc_column_container vc_col-sm-4 vc_col-lg-3 vc_col-md-4 vc_col-has-fill\"><div class=\"vc_column-inner vc_custom_1773163223178\"><div class=\"wpb_wrapper\">\n\t<div class=\"wpb_raw_code wpb_raw_html wpb_content_element\" >\n\t\t<div class=\"wpb_wrapper\">\n\t\t\t<div class=\"imgFullWidth\">\n    <img decoding=\"async\" src=\"https:\/\/piecesgames.com\/wp-content\/uploads\/2026\/03\/Dinocop_Capsule_500.png\" alt=\"Dummy image\">\n<\/div>\n\t\t<\/div>\n\t<\/div>\n\n\t<div class=\"wpb_text_column wpb_content_element wpb_animate_when_almost_visible wpb_fadeIn fadeIn vc_custom_1773169641543\" >\n\t\t<div class=\"wpb_wrapper\">\n\t\t\t<p style=\"text-align: left;\">Quand les dinosaures ont \u00e9t\u00e9 ramen\u00e9 \u00e0 la vie, aucun d'entre eux ne voulait \u00eatre policier, alors les humains vous ont cr\u00e9\u00e9: Dinocop.<\/p>\n\n\t\t<\/div>\n\t<\/div>\n<div class=\"vc_btn3-container vc_btn3-left vc_custom_1773109194622 vc_do_btn\" ><a class=\"vc_general vc_btn3 vc_btn3-size-lg vc_btn3-shape-rounded vc_btn3-style-flat vc_btn3-icon-left vc_btn3-color-violet\" href=\"https:\/\/piecesgames.com\/fr\/dinocop-learn-more\/\" title=\"Merch\"><i class=\"vc_btn3-icon fas fa-gamepad\"><\/i> En savoir plus.<\/a><\/div><\/div><\/div><\/div><div class=\"wpb_column vc_column_container vc_col-sm-2 vc_col-md-1\"><div class=\"vc_column-inner\"><div class=\"wpb_wrapper\"><\/div><\/div><\/div><\/div><div class=\"vc_row wpb_row vc_row-fluid pinkContainer vc_custom_1773110347262\"><div class=\"wpb_column vc_column_container vc_col-sm-3\"><div class=\"vc_column-inner\"><div class=\"wpb_wrapper\"><\/div><\/div><\/div><div class=\"wpb_column vc_column_container vc_col-sm-4 vc_col-lg-3 vc_col-md-4\"><div class=\"vc_column-inner vc_custom_1773109125467\"><div class=\"wpb_wrapper\">\n\t<div  class=\"wpb_single_image wpb_content_element vc_align_center wpb_content_element wpb_animate_when_almost_visible wpb_fadeIn fadeIn\">\n\t\t\n\t\t<figure class=\"wpb_wrapper vc_figure\">\n\t\t\t<div class=\"vc_single_image-wrapper   vc_box_border_grey\"><img loading=\"lazy\" decoding=\"async\" width=\"525\" height=\"392\" src=\"https:\/\/piecesgames.com\/wp-content\/uploads\/2026\/03\/Merch_News.png\" class=\"vc_single_image-img attachment-full\" alt=\"\" title=\"Merch_News\" srcset=\"https:\/\/piecesgames.com\/wp-content\/uploads\/2026\/03\/Merch_News.png 525w, https:\/\/piecesgames.com\/wp-content\/uploads\/2026\/03\/Merch_News-300x224.png 300w\" sizes=\"auto, (max-width: 525px) 100vw, 525px\" \/><\/div>\n\t\t<\/figure>\n\t<\/div>\n<\/div><\/div><\/div><div class=\"wpb_column vc_column_container vc_col-sm-4 vc_col-lg-4 vc_col-md-4\"><div class=\"vc_column-inner vc_custom_1773109103709\"><div class=\"wpb_wrapper\"><div class=\"vc_separator wpb_content_element vc_separator_align_center vc_sep_width_100 vc_sep_double vc_sep_border_width_2 vc_sep_pos_align_center vc_separator_no_text vc_sep_color_orange wpb_content_element  wpb_content_element\" ><span class=\"vc_sep_holder vc_sep_holder_l\"><span class=\"vc_sep_line\"><\/span><\/span><span class=\"vc_sep_holder vc_sep_holder_r\"><span class=\"vc_sep_line\"><\/span><\/span>\n<\/div>\n\t<div class=\"wpb_text_column wpb_content_element vc_custom_1773163262854 titleFonce\" >\n\t\t<div class=\"wpb_wrapper\">\n\t\t\t<h1 style=\"text-align: center;\">Marchandise Dinocop<\/h1>\n<h1 style=\"text-align: center;\">Bient\u00f4t diposnible<\/h1>\n\n\t\t<\/div>\n\t<\/div>\n<div class=\"vc_btn3-container vc_btn3-center vc_custom_1773163256853 vc_do_btn\" ><a class=\"vc_general vc_btn3 vc_btn3-size-lg vc_btn3-shape-rounded vc_btn3-style-flat vc_btn3-icon-left vc_btn3-color-violet\" href=\"https:\/\/piecesgames.com\/fr\/merch\/\" title=\"Merch\"><i class=\"vc_btn3-icon fas fa-shopping-bag\"><\/i> Allez \u00e0 la boutique<\/a><\/div><div class=\"vc_separator wpb_content_element vc_separator_align_center vc_sep_width_100 vc_sep_border_width_2 vc_sep_pos_align_center vc_separator_no_text vc_sep_color_orange wpb_content_element  wpb_content_element\" ><span class=\"vc_sep_holder vc_sep_holder_l\"><span class=\"vc_sep_line\"><\/span><\/span><span class=\"vc_sep_holder vc_sep_holder_r\"><span class=\"vc_sep_line\"><\/span><\/span>\n<\/div><\/div><\/div><\/div><div class=\"wpb_column vc_column_container vc_col-sm-3\"><div class=\"vc_column-inner\"><div class=\"wpb_wrapper\"><\/div><\/div><\/div><\/div><div class=\"vc_row wpb_row vc_row-fluid purpleContainer\"><div class=\"wpb_column vc_column_container vc_col-sm-12\"><div class=\"vc_column-inner\"><div class=\"wpb_wrapper\"><div class=\"vc_empty_space\"   style=\"height: 75px\"><span class=\"vc_empty_space_inner\"><\/span><\/div><div class=\"vc_separator wpb_content_element vc_separator_align_center vc_sep_width_50 vc_sep_double vc_sep_border_width_2 vc_sep_pos_align_center vc_sep_color_orange vc_custom_1773163295322 wpb_content_element wpb_animate_when_almost_visible wpb_fadeIn fadeIn vc_separator-has-text\" ><span class=\"vc_sep_holder vc_sep_holder_l\"><span class=\"vc_sep_line\"><\/span><\/span><div class=\"vc_icon_element vc_icon_element-outer vc_do_icon vc_icon_element-align-left\"><div class=\"vc_icon_element-inner vc_icon_element-color-violet vc_icon_element-size-md vc_icon_element-style- vc_icon_element-background-color-grey\" ><span class=\"vc_icon_element-icon fas fa-gamepad\" ><\/span><\/div><\/div><h4>Nos jeux<\/h4><span class=\"vc_sep_holder vc_sep_holder_r\"><span class=\"vc_sep_line\"><\/span><\/span>\n<\/div><div class=\"vc_empty_space\"   style=\"height: 25px\"><span class=\"vc_empty_space_inner\"><\/span><\/div><div class=\"vc_row wpb_row vc_inner vc_row-fluid\"><div class=\"wpb_column vc_column_container vc_col-sm-2 vc_col-lg-3 vc_col-md-2\"><div class=\"vc_column-inner\"><div class=\"wpb_wrapper\"><\/div><\/div><\/div><div class=\"wpb_column vc_column_container vc_col-sm-4 vc_col-lg-3 vc_col-md-4\"><div class=\"vc_column-inner\"><div class=\"wpb_wrapper\">\n\t<div id=\"CenterContentThird\" class=\"wpb_single_image wpb_content_element vc_align_left wpb_content_element wpb_animate_when_almost_visible wpb_bottom-to-top bottom-to-top\">\n\t\t\n\t\t<figure class=\"wpb_wrapper vc_figure\">\n\t\t\t<a href=\"https:\/\/piecesgames.com\/fr\/dinocop-learn-more\/\" target=\"_self\" class=\"vc_single_image-wrapper vc_box_rounded  vc_box_border_grey\"><img loading=\"lazy\" decoding=\"async\" width=\"460\" height=\"215\" src=\"https:\/\/piecesgames.com\/wp-content\/uploads\/2026\/03\/Dinocop_Capsule_460.png\" class=\"vc_single_image-img attachment-full\" alt=\"\" title=\"Dinocop_Capsule_460\" srcset=\"https:\/\/piecesgames.com\/wp-content\/uploads\/2026\/03\/Dinocop_Capsule_460.png 460w, https:\/\/piecesgames.com\/wp-content\/uploads\/2026\/03\/Dinocop_Capsule_460-300x140.png 300w\" sizes=\"auto, (max-width: 460px) 100vw, 460px\" \/><\/a>\n\t\t<\/figure>\n\t<\/div>\n<\/div><\/div><\/div><div class=\"wpb_column vc_column_container vc_col-sm-4 vc_col-lg-3 vc_col-md-4\"><div class=\"vc_column-inner\"><div class=\"wpb_wrapper\">\n\t<div id=\"CenterContentThird\" class=\"wpb_single_image wpb_content_element vc_align_left wpb_content_element wpb_animate_when_almost_visible wpb_bottom-to-top bottom-to-top\">\n\t\t\n\t\t<figure class=\"wpb_wrapper vc_figure\">\n\t\t\t<a href=\"https:\/\/piecesgames.com\/fr\/a-ras-life\/\" target=\"_self\" class=\"vc_single_image-wrapper vc_box_rounded  vc_box_border_grey\"><img loading=\"lazy\" decoding=\"async\" width=\"460\" height=\"215\" src=\"https:\/\/piecesgames.com\/wp-content\/uploads\/2026\/03\/ratsLife_capsule_460.png\" class=\"vc_single_image-img attachment-full\" alt=\"\" title=\"ratsLife_capsule_460\" srcset=\"https:\/\/piecesgames.com\/wp-content\/uploads\/2026\/03\/ratsLife_capsule_460.png 460w, https:\/\/piecesgames.com\/wp-content\/uploads\/2026\/03\/ratsLife_capsule_460-300x140.png 300w\" sizes=\"auto, (max-width: 460px) 100vw, 460px\" \/><\/a>\n\t\t<\/figure>\n\t<\/div>\n<\/div><\/div><\/div><div class=\"wpb_column vc_column_container vc_col-sm-2\"><div class=\"vc_column-inner\"><div class=\"wpb_wrapper\"><\/div><\/div><\/div><\/div><div class=\"vc_empty_space\"   style=\"height: 100px\"><span class=\"vc_empty_space_inner\"><\/span><\/div><\/div><\/div><\/div><\/div><div id=\"DivTypeB\" class=\"vc_row wpb_row vc_row-fluid vc_custom_1773110357041 vc_row-has-fill\"><div class=\"wpb_column vc_column_container vc_col-sm-3 vc_col-lg-4 vc_col-md-3\" id=\"CenterContentThird\"><div class=\"vc_column-inner\"><div class=\"wpb_wrapper\"><\/div><\/div><\/div><div class=\"wpb_column vc_column_container vc_col-sm-6 vc_col-lg-4 vc_col-md-6\"><div class=\"vc_column-inner\"><div class=\"wpb_wrapper\"><div class=\"vc_empty_space\"   style=\"height: 28px\"><span class=\"vc_empty_space_inner\"><\/span><\/div>\n\t<div class=\"wpb_text_column wpb_content_element\" >\n\t\t<div class=\"wpb_wrapper\">\n\t\t\t<h4 style=\"text-align: center;\">Inscrivez-vous \u00e0 la newsletter the Pieces Games<\/h4>\n<p style=\"text-align: center;\">Restez en contact<\/p>\n\n\t\t<\/div>\n\t<\/div>\n\n\t<div class=\"wpb_raw_code wpb_raw_html wpb_content_element vc_custom_1773773233389\" id=\"CenterContentThird\">\n\t\t<div class=\"wpb_wrapper\">\n\t\t\t<script src='https:\/\/www.google.com\/recaptcha\/api.js'><\/script>\r\n<form action=\"https:\/\/newsletter.piecesgames.com\/subscribe\" method=\"POST\" accept-charset=\"utf-8\">\r\n\t<label for=\"name\">Nom<\/label>\r\n\t<input type=\"text\" name=\"name\" id=\"name\"\/>\r\n\t<br\/>\r\n\t<label for=\"email\">Courriel<\/label>\r\n\t<input type=\"email\" name=\"email\" id=\"email\"\/><br\/>\r\n\t<p class=\"g-recaptcha\" data-sitekey=\"6LcQz40sAAAAAJQ73Mrr_NoLZ3P64gzO9H30avX_\"><\/p><div style=\"display:none;\" text-align=\"center\";>\r\n\t<label for=\"hp\">HP<\/label><br\/>\r\n\t<input type=\"text\" name=\"hp\" id=\"hp\"\/>\r\n\t<\/div>\r\n\t<input type=\"hidden\" name=\"list\" value=\"FqDuIbmW6892zoX6xGGmuRdg\"\/>\r\n\t<input type=\"hidden\" name=\"subform\" value=\"yes\"\/>\r\n\t<input type=\"submit\" name=\"submit\" id=\"submit\"\/>\r\n<\/form>\n\t\t<\/div>\n\t<\/div>\n<div class=\"vc_empty_space\"   style=\"height: 75px\"><span class=\"vc_empty_space_inner\"><\/span><\/div>\n\t<div  class=\"wpb_single_image wpb_content_element vc_align_center wpb_content_element vc_custom_1773163387820\">\n\t\t\n\t\t<figure class=\"wpb_wrapper vc_figure\">\n\t\t\t<div class=\"vc_single_image-wrapper   vc_box_border_grey\"><img loading=\"lazy\" decoding=\"async\" width=\"254\" height=\"149\" src=\"https:\/\/piecesgames.com\/wp-content\/uploads\/2026\/03\/PiecesGames_newsletter.png\" class=\"vc_single_image-img attachment-full\" alt=\"\" title=\"PiecesGames_newsletter\" \/><\/div>\n\t\t<\/figure>\n\t<\/div>\n<\/div><\/div><\/div><div class=\"wpb_column vc_column_container vc_col-sm-4 vc_col-lg-3 vc_col-md-2\"><div class=\"vc_column-inner\"><div class=\"wpb_wrapper\"><\/div><\/div><\/div><\/div>\n<\/div>","protected":false},"excerpt":{"rendered":"The dinosaur detective game available now! When dinosaurs were brought back to life, none wanted to be a cop, so humans made you: Dinocop. Learn more Dinocop merch available soon! Go to shop Our games Subscribe to the Pieces Games newsletter. Stay in touch, no matter what happens to social media. Name Email* HP","protected":false},"author":1,"featured_media":0,"parent":0,"menu_order":0,"comment_status":"closed","ping_status":"closed","template":"","meta":{"footnotes":""},"class_list":["post-11","page","type-page","status-publish","hentry"],"jetpack_sharing_enabled":true,"_links":{"self":[{"href":"https:\/\/piecesgames.com\/fr\/wp-json\/wp\/v2\/pages\/11","targetHints":{"allow":["GET"]}}],"collection":[{"href":"https:\/\/piecesgames.com\/fr\/wp-json\/wp\/v2\/pages"}],"about":[{"href":"https:\/\/piecesgames.com\/fr\/wp-json\/wp\/v2\/types\/page"}],"author":[{"embeddable":true,"href":"https:\/\/piecesgames.com\/fr\/wp-json\/wp\/v2\/users\/1"}],"replies":[{"embeddable":true,"href":"https:\/\/piecesgames.com\/fr\/wp-json\/wp\/v2\/comments?post=11"}],"version-history":[{"count":260,"href":"https:\/\/piecesgames.com\/fr\/wp-json\/wp\/v2\/pages\/11\/revisions"}],"predecessor-version":[{"id":849,"href":"https:\/\/piecesgames.com\/fr\/wp-json\/wp\/v2\/pages\/11\/revisions\/849"}],"wp:attachment":[{"href":"https:\/\/piecesgames.com\/fr\/wp-json\/wp\/v2\/media?parent=11"}],"curies":[{"name":"wp","href":"https:\/\/api.w.org\/{rel}","templated":true}]}}